{"id":34994,"date":"2016-01-30T12:18:00","date_gmt":"2016-01-30T12:18:00","guid":{"rendered":"https:\/\/ecofenetre.webpixelia.com\/%d8%a7%d8%aa%d8%b5%d9%84\/"},"modified":"2025-12-25T13:15:40","modified_gmt":"2025-12-25T12:15:40","slug":"aitasil","status":"publish","type":"page","link":"https:\/\/eco-fenetre.com\/ar\/aitasil\/","title":{"rendered":"\u0627\u062a\u0635\u0627\u0644"},"content":{"rendered":"\n<div class=\"wp-block-cover alignfull\" style=\"margin-top:0;margin-bottom:0\"><img loading=\"lazy\" decoding=\"async\" width=\"1024\" height=\"1024\" class=\"wp-block-cover__image-background wp-image-36587 size-full\" alt=\"sliding glass door modern living room\" src=\"https:\/\/eco-fenetre.com\/wp-content\/uploads\/2025\/10\/sliding-glass-door-modern-living-room.webp\" data-object-fit=\"cover\" srcset=\"https:\/\/eco-fenetre.com\/wp-content\/uploads\/2025\/10\/sliding-glass-door-modern-living-room.webp 1024w, https:\/\/eco-fenetre.com\/wp-content\/uploads\/2025\/10\/sliding-glass-door-modern-living-room-300x300.webp 300w, https:\/\/eco-fenetre.com\/wp-content\/uploads\/2025\/10\/sliding-glass-door-modern-living-room-150x150.webp 150w, https:\/\/eco-fenetre.com\/wp-content\/uploads\/2025\/10\/sliding-glass-door-modern-living-room-768x768.webp 768w\" sizes=\"auto, (max-width: 1024px) 100vw, 1024px\" \/><span aria-hidden=\"true\" class=\"wp-block-cover__background has-dark-background-color has-background-dim-60 has-background-dim\"><\/span><div class=\"wp-block-cover__inner-container has-global-padding is-layout-constrained wp-block-cover-is-layout-constrained\"><h1 class=\"has-text-align-center has-link-color wp-elements-5c15f29beec0071bb8fddc48a7dd2909 wp-block-post-title has-text-color has-white-color\">\u0627\u062a\u0635\u0627\u0644<\/h1><\/div><\/div>\n\n<div class=\"wp-block-group alignfull has-global-padding is-layout-constrained wp-block-group-is-layout-constrained\" style=\"margin-top:0;margin-bottom:0;padding-top:var(--wp--preset--spacing--50);padding-bottom:var(--wp--preset--spacing--50)\">\n<div class=\"wp-block-columns is-layout-flex wp-container-core-columns-is-layout-28f84493 wp-block-columns-is-layout-flex\">\n<div class=\"wp-block-column is-layout-flow wp-block-column-is-layout-flow\" style=\"flex-basis:33.33%\">\n<div class=\"wp-block-group flex-grow-1 box-shadow-hover translate-hover border-color-hover has-border-color has-white-background-color has-background is-nowrap is-layout-flex wp-container-core-group-is-layout-dece5a55 wp-block-group-is-layout-flex\" style=\"border-color:#efeaec;border-width:1px;border-radius:0.5rem;padding-top:var(--wp--preset--spacing--30);padding-right:var(--wp--preset--spacing--40);padding-bottom:var(--wp--preset--spacing--30);padding-left:var(--wp--preset--spacing--40)\">\n<div class=\"wp-block-group has-background is-nowrap is-layout-flex wp-container-core-group-is-layout-51ff4772 wp-block-group-is-layout-flex\" style=\"border-radius:0.5rem;background-color:#e5ebf1;padding-top:var(--wp--preset--spacing--20);padding-right:var(--wp--preset--spacing--20);padding-bottom:var(--wp--preset--spacing--20);padding-left:var(--wp--preset--spacing--20)\">\n<div class=\"wp-block-outermost-icon-block\"><div class=\"icon-container\" style=\"width:32px;transform:rotate(0deg) scaleX(1) scaleY(1)\"><svg xmlns=\"http:\/\/www.w3.org\/2000\/svg\" viewbox=\"0 0 24 24\" aria-hidden=\"true\"><path d=\"m21.5 9.1-6.6-6.6-4.2 5.6c-1.2-.1-2.4.1-3.6.7-.1 0-.1.1-.2.1-.5.3-.9.6-1.2.9l3.7 3.7-5.7 5.7v1.1h1.1l5.7-5.7 3.7 3.7c.4-.4.7-.8.9-1.2.1-.1.1-.2.2-.3.6-1.1.8-2.4.6-3.6l5.6-4.1zm-7.3 3.5.1.9c.1.9 0 1.8-.4 2.6l-6-6c.8-.4 1.7-.5 2.6-.4l.9.1L15 4.9 19.1 9l-4.9 3.6z\"><\/path><\/svg><\/div><\/div>\n<\/div>\n\n\n\n<div class=\"wp-block-group is-vertical is-layout-flex wp-container-core-group-is-layout-669f9327 wp-block-group-is-layout-flex\" style=\"padding-top:0;padding-bottom:0\">\n<h4 class=\"wp-block-heading has-normal-font-size\">\u0639\u0646\u0648\u0627\u0646 :<\/h4>\n\n\n\n<p class=\"has-sm-font-size\">\u0627\u0644\u0642\u0637\u0639\u0629 \u0631\u0642\u0645 \u0661\u0662\u0661\u060c \u0627\u0644\u0645\u062c\u0644\u062f \u0662 \u0648\u0663\u060c<br\/>\u062a\u0642\u0633\u064a\u0645 \u0627\u0644\u0633\u0644\u0627\u0645\u060c<br\/>\u0637\u0631\u064a\u0642 \u0635\u0641\u0631\u0648\u060c \u0663\u0660\u0660\u0660\u0660 \u0641\u0627\u0633<br\/>\u0627\u0644\u0645\u063a\u0631\u0628<\/p>\n<\/div>\n<\/div>\n\n\n\n<div class=\"wp-block-group flex-grow-1 box-shadow-hover translate-hover border-color-hover has-border-color has-white-background-color has-background is-nowrap is-layout-flex wp-container-core-group-is-layout-dece5a55 wp-block-group-is-layout-flex\" style=\"border-color:#efeaec;border-width:1px;border-radius:0.5rem;padding-top:var(--wp--preset--spacing--30);padding-right:var(--wp--preset--spacing--40);padding-bottom:var(--wp--preset--spacing--30);padding-left:var(--wp--preset--spacing--40)\">\n<div class=\"wp-block-group has-background is-nowrap is-layout-flex wp-container-core-group-is-layout-51ff4772 wp-block-group-is-layout-flex\" style=\"border-radius:0.5rem;background-color:#e5ebf1;padding-top:var(--wp--preset--spacing--20);padding-right:var(--wp--preset--spacing--20);padding-bottom:var(--wp--preset--spacing--20);padding-left:var(--wp--preset--spacing--20)\">\n<div class=\"wp-block-outermost-icon-block\"><div class=\"icon-container\" style=\"width:32px;transform:rotate(0deg) scaleX(1) scaleY(1)\"><svg width=\"24\" height=\"24\" viewbox=\"0 0 24 24\" version=\"1.1\" aria-hidden=\"true\"><path d=\"M 12.011719 2 C 6.5057187 2 2.0234844 6.478375 2.0214844 11.984375 C 2.0204844 13.744375 2.4814687 15.462563 3.3554688 16.976562 L 2 22 L 7.2324219 20.763672 C 8.6914219 21.559672 10.333859 21.977516 12.005859 21.978516 L 12.009766 21.978516 C 17.514766 21.978516 21.995047 17.499141 21.998047 11.994141 C 22.000047 9.3251406 20.962172 6.8157344 19.076172 4.9277344 C 17.190172 3.0407344 14.683719 2.001 12.011719 2 z M 12.009766 4 C 14.145766 4.001 16.153109 4.8337969 17.662109 6.3417969 C 19.171109 7.8517969 20.000047 9.8581875 19.998047 11.992188 C 19.996047 16.396187 16.413812 19.978516 12.007812 19.978516 C 10.674812 19.977516 9.3544062 19.642812 8.1914062 19.007812 L 7.5175781 18.640625 L 6.7734375 18.816406 L 4.8046875 19.28125 L 5.2851562 17.496094 L 5.5019531 16.695312 L 5.0878906 15.976562 C 4.3898906 14.768562 4.0204844 13.387375 4.0214844 11.984375 C 4.0234844 7.582375 7.6067656 4 12.009766 4 z M 8.4765625 7.375 C 8.3095625 7.375 8.0395469 7.4375 7.8105469 7.6875 C 7.5815469 7.9365 6.9355469 8.5395781 6.9355469 9.7675781 C 6.9355469 10.995578 7.8300781 12.182609 7.9550781 12.349609 C 8.0790781 12.515609 9.68175 15.115234 12.21875 16.115234 C 14.32675 16.946234 14.754891 16.782234 15.212891 16.740234 C 15.670891 16.699234 16.690438 16.137687 16.898438 15.554688 C 17.106437 14.971687 17.106922 14.470187 17.044922 14.367188 C 16.982922 14.263188 16.816406 14.201172 16.566406 14.076172 C 16.317406 13.951172 15.090328 13.348625 14.861328 13.265625 C 14.632328 13.182625 14.464828 13.140625 14.298828 13.390625 C 14.132828 13.640625 13.655766 14.201187 13.509766 14.367188 C 13.363766 14.534188 13.21875 14.556641 12.96875 14.431641 C 12.71875 14.305641 11.914938 14.041406 10.960938 13.191406 C 10.218937 12.530406 9.7182656 11.714844 9.5722656 11.464844 C 9.4272656 11.215844 9.5585938 11.079078 9.6835938 10.955078 C 9.7955938 10.843078 9.9316406 10.663578 10.056641 10.517578 C 10.180641 10.371578 10.223641 10.267562 10.306641 10.101562 C 10.389641 9.9355625 10.347156 9.7890625 10.285156 9.6640625 C 10.223156 9.5390625 9.737625 8.3065 9.515625 7.8125 C 9.328625 7.3975 9.131125 7.3878594 8.953125 7.3808594 C 8.808125 7.3748594 8.6425625 7.375 8.4765625 7.375 z\"><\/path><\/svg><\/div><\/div>\n<\/div>\n\n\n\n<div class=\"wp-block-group is-vertical is-layout-flex wp-container-core-group-is-layout-669f9327 wp-block-group-is-layout-flex\" style=\"padding-top:0;padding-bottom:0\">\n<h4 class=\"wp-block-heading has-normal-font-size\">\u0631\u0642\u0645 \u0627\u0644\u0647\u0627\u062a\u0641 \u0648\u0627\u0644\u0648\u0627\u062a\u0633\u0627\u0628:<\/h4>\n\n\n\n<p class=\"has-sm-font-size\">+212 6 49 12 26 97<\/p>\n<\/div>\n<\/div>\n\n\n\n<div class=\"wp-block-group flex-grow-1 box-shadow-hover translate-hover border-color-hover has-border-color has-white-background-color has-background is-nowrap is-layout-flex wp-container-core-group-is-layout-dece5a55 wp-block-group-is-layout-flex\" style=\"border-color:#efeaec;border-width:1px;border-radius:0.5rem;padding-top:var(--wp--preset--spacing--30);padding-right:var(--wp--preset--spacing--40);padding-bottom:var(--wp--preset--spacing--30);padding-left:var(--wp--preset--spacing--40)\">\n<div class=\"wp-block-group has-background is-nowrap is-layout-flex wp-container-core-group-is-layout-51ff4772 wp-block-group-is-layout-flex\" style=\"border-radius:0.5rem;background-color:#e5ebf1;padding-top:var(--wp--preset--spacing--20);padding-right:var(--wp--preset--spacing--20);padding-bottom:var(--wp--preset--spacing--20);padding-left:var(--wp--preset--spacing--20)\">\n<div class=\"wp-block-outermost-icon-block\"><div class=\"icon-container\" style=\"width:32px;transform:rotate(0deg) scaleX(1) scaleY(1)\"><svg xmlns=\"http:\/\/www.w3.org\/2000\/svg\" viewbox=\"0 0 24 24\" aria-hidden=\"true\"><path d=\"M20,4H4C2.895,4,2,4.895,2,6v12c0,1.105,0.895,2,2,2h16c1.105,0,2-0.895,2-2V6C22,4.895,21.105,4,20,4z M20,8.236l-8,4.882 L4,8.236V6h16V8.236z\"><\/path><\/svg><\/div><\/div>\n<\/div>\n\n\n\n<div class=\"wp-block-group is-vertical is-layout-flex wp-container-core-group-is-layout-669f9327 wp-block-group-is-layout-flex\" style=\"padding-top:0;padding-bottom:0\">\n<h4 class=\"wp-block-heading has-normal-font-size\">\u0639\u0646\u0648\u0627\u0646 :<\/h4>\n\n\n\n<p class=\"has-sm-font-size\">contact@eco-fenetre.com<\/p>\n<\/div>\n<\/div>\n\n\n<div class=\"leaflet-map WPLeafletMap\" style=\"height:350px; width:100%;\"><\/div><script>\nwindow.WPLeafletMapPlugin = window.WPLeafletMapPlugin || [];\nwindow.WPLeafletMapPlugin.push(function WPLeafletMapShortcode() {\/*<script>*\/\nvar baseUrl = atob('aHR0cHM6Ly97c30udGlsZS5vcGVuc3RyZWV0bWFwLm9yZy97en0ve3h9L3t5fS5wbmc=');\nvar base = (!baseUrl && window.MQ) ?\n    window.MQ.mapLayer() : L.tileLayer(baseUrl,\n        L.Util.extend({}, {\n            detectRetina: 0,\n        },\n        {\"subdomains\":\"abc\",\"noWrap\":false,\"maxZoom\":20}        )\n    );\n    var options = L.Util.extend({}, {\n        layers: [base],\n        attributionControl: false\n    },\n    {\"zoomControl\":false,\"scrollWheelZoom\":false,\"doubleClickZoom\":false,\"fitBounds\":false,\"minZoom\":0,\"maxZoom\":20,\"maxBounds\":null,\"attribution\":\"<a href=\\\"http:\\\/\\\/leafletjs.com\\\" title=\\\"Une biblioth\\u00e8que JS pour des cartes interactives\\\">Leaflet<\\\/a>; \\u00a9 <a href=\\\"http:\\\/\\\/www.openstreetmap.org\\\/copyright\\\">OpenStreetMap<\\\/a> contributeurs\"},\n    {});\nwindow.WPLeafletMapPlugin.createMap(options).setView([33.965295763408,-5.0486469268799],9);});<\/script>\n\n\n<script>\nwindow.WPLeafletMapPlugin = window.WPLeafletMapPlugin || [];\nwindow.WPLeafletMapPlugin.push(function WPLeafletMarkerShortcode() {\/*<script>*\/\nvar map = window.WPLeafletMapPlugin.getCurrentMap();\nvar group = window.WPLeafletMapPlugin.getCurrentGroup();\nvar marker_options = window.WPLeafletMapPlugin.getIconOptions({});\nvar marker = L.marker(\n    [34.005136529446,-4.977135800538],\n    marker_options\n);\nvar is_image = map.is_image_map;\nif (marker_options.draggable) {\n    marker.on('dragend', function () {\n        var latlng = this.getLatLng();\n        var lat = latlng.lat;\n        var lng = latlng.lng;\n        if (is_image) {\n            console.log('leaflet-marker y=' + lat + ' x=' + lng);\n        } else {\n            console.log('leaflet-marker lat=' + lat + ' lng=' + lng);\n        }\n    });\n}\nmarker.addTo( group );\nwindow.WPLeafletMapPlugin.markers.push( marker );\n        });<\/script>\n<\/div>\n\n\n\n<div class=\"wp-block-column is-layout-flow wp-block-column-is-layout-flow\" style=\"flex-basis:66.66%\">\n<p>\u0647\u0644 \u0644\u062f\u064a\u0643 \u0645\u0634\u0631\u0648\u0639 \u0628\u0646\u0627\u0621\u061f \u0647\u0644 \u0644\u062f\u064a\u0643 \u0623\u064a \u0623\u0633\u0626\u0644\u0629\u061f \u0647\u0644 \u062a\u0631\u063a\u0628 \u0641\u064a \u0627\u0644\u062d\u0635\u0648\u0644 \u0639\u0644\u0649 \u0639\u0631\u0636 \u0633\u0639\u0631\u061f<\/p>\n\n\n\n<p>\u0623\u0631\u0633\u0644 \u0644\u0646\u0627 \u0628\u0631\u064a\u062f\u064b\u0627 \u0625\u0644\u0643\u062a\u0631\u0648\u0646\u064a\u064b\u0627 \u064a\u062a\u0636\u0645\u0646 \u0628\u064a\u0627\u0646\u0627\u062a \u0627\u0644\u0627\u062a\u0635\u0627\u0644 \u0627\u0644\u062e\u0627\u0635\u0629 \u0628\u0643\u060c \u0648\u0633\u064a\u0642\u0648\u0645 \u0623\u062d\u062f \u0645\u0645\u062b\u0644\u064a Eco Fen\u00eatre \u0628\u0627\u0644\u0631\u062f \u0639\u0644\u064a\u0643 \u0641\u064a \u0623\u0642\u0631\u0628 \u0648\u0642\u062a \u0645\u0645\u0643\u0646.<\/p>\n\n\n\n<p>\u0625\u0630\u0627 \u0643\u0627\u0646 \u0637\u0644\u0628\u0643 \u0623\u0648 \u0633\u0624\u0627\u0644\u0643 \u064a\u062a\u0639\u0644\u0642 \u0628\u0639\u0631\u0636 \u0633\u0639\u0631\u060c <a href=\"https:\/\/eco-fenetre.com\/ar\/talab-eard-sier\/\" data-type=\"page\" data-id=\"32735\">\u0641\u0627\u0646\u0642\u0631 \u0647\u0646\u0627<\/a>.<\/p>\n\n\n\n<p>\u0623\u0631\u0627\u0643 \u0642\u0631\u064a\u0628\u0627\u064b!<\/p>\n\n\n\n<div class=\"forminator-guttenberg\"><div class=\"forminator-ui forminator-custom-form forminator-custom-form-33885 forminator-design--default  forminator_ajax\" data-forminator-render=\"0\" data-form=\"forminator-module-33885\" data-uid=\"69f5f5c022e5e\"><br\/><\/div><form\n\t\t\t\tid=\"forminator-module-33885\"\n\t\t\t\tclass=\"forminator-ui forminator-custom-form forminator-custom-form-33885 forminator-design--default  forminator_ajax\"\n\t\t\t\tmethod=\"post\"\n\t\t\t\tdata-forminator-render=\"0\"\n\t\t\t\tdata-form-id=\"33885\"\n\t\t\t\t data-color-option=\"default\" data-design=\"default\" data-grid=\"open\" style=\"display: none;\"\n\t\t\t\tdata-uid=\"69f5f5c022e5e\"\n\t\t\t><div role=\"alert\" aria-live=\"polite\" class=\"forminator-response-message forminator-error\" aria-hidden=\"true\"><\/div><div class=\"forminator-row\"><div id=\"select-1\" class=\"forminator-field-select forminator-col forminator-col-6 \"><div class=\"forminator-field\"><label for=\"forminator-form-33885__field--select-1_69f5f5c022e5e\" id=\"forminator-form-33885__field--select-1_69f5f5c022e5e-label\" class=\"forminator-label\">Sujet <span class=\"forminator-required\">*<\/span><\/label><select  id=\"forminator-form-33885__field--select-1_69f5f5c022e5e\" class=\"forminator-select--field forminator-select2 forminator-select2-multiple\" data-required=\"1\" name=\"select-1\" data-default-value=\"\" data-placeholder=\"Votre demande concerne\" data-search=\"false\" data-search-placeholder=\"Votre demande concerne\" data-checkbox=\"false\" data-allow-clear=\"false\" aria-labelledby=\"forminator-form-33885__field--select-1_69f5f5c022e5e-label\"><option value=\"\"  >Votre demande concerne<\/option><option value=\"Service-Apr\u00e8s-Vente\"  data-calculation=\"0\">Service Apr\u00e8s-Vente<\/option><option value=\"Demande-de-catalogue\"  data-calculation=\"0\">Demande de catalogue<\/option><option value=\"Autre\"  data-calculation=\"0\">Autre<\/option><\/select><\/div><\/div><div id=\"radio-1\" class=\"forminator-field-radio forminator-col forminator-col-6 \"><div role=\"radiogroup\" class=\"forminator-field\" aria-labelledby=\"forminator-radiogroup-radio-1-69f5f5c022e5e-label\"><span id=\"forminator-radiogroup-radio-1-69f5f5c022e5e-label\" class=\"forminator-label\">Vous \u00eates <span class=\"forminator-required\">*<\/span><\/span><label id=\"forminator-field-radio-1-label-1\" for=\"forminator-field-radio-1-1-69f5f5c022e5e\" class=\"forminator-radio forminator-radio-inline\" title=\"Particulier\"><input type=\"radio\" name=\"radio-1\" value=\"Particulier\" id=\"forminator-field-radio-1-1-69f5f5c022e5e\" aria-labelledby=\"forminator-field-radio-1-label-1\" data-calculation=\"0\"  \/><span class=\"forminator-radio-bullet\" aria-hidden=\"true\"><\/span><span class=\"forminator-radio-label\">Particulier<\/span><\/label><label id=\"forminator-field-radio-1-label-2\" for=\"forminator-field-radio-1-2-69f5f5c022e5e\" class=\"forminator-radio forminator-radio-inline\" title=\"Professionnel\"><input type=\"radio\" name=\"radio-1\" value=\"Professionnel\" id=\"forminator-field-radio-1-2-69f5f5c022e5e\" aria-labelledby=\"forminator-field-radio-1-label-2\" data-calculation=\"0\"  \/><span class=\"forminator-radio-bullet\" aria-hidden=\"true\"><\/span><span class=\"forminator-radio-label\">Professionnel<\/span><\/label><\/div><\/div><\/div><div class=\"forminator-row\"><div id=\"name-1\" class=\"forminator-field-name forminator-col forminator-col-6 \"><div class=\"forminator-field\"><label for=\"forminator-field-name-1_69f5f5c022e5e\" id=\"forminator-field-name-1_69f5f5c022e5e-label\" class=\"forminator-label\">Nom <span class=\"forminator-required\">*<\/span><\/label><input type=\"text\" name=\"name-1\" value=\"\" placeholder=\"Votre nom\" id=\"forminator-field-name-1_69f5f5c022e5e\" class=\"forminator-input forminator-name--field\" aria-required=\"true\" autocomplete=\"name\" \/><\/div><\/div><div id=\"name-2\" class=\"forminator-field-name forminator-col forminator-col-6 \"><div class=\"forminator-field\"><label for=\"forminator-field-name-2_69f5f5c022e5e\" id=\"forminator-field-name-2_69f5f5c022e5e-label\" class=\"forminator-label\">Pr\u00e9nom <span class=\"forminator-required\">*<\/span><\/label><input type=\"text\" name=\"name-2\" value=\"\" placeholder=\"Votre pr\u00e9nom\" id=\"forminator-field-name-2_69f5f5c022e5e\" class=\"forminator-input forminator-name--field\" aria-required=\"true\" autocomplete=\"name\" \/><\/div><\/div><\/div><div class=\"forminator-row\"><div id=\"email-1\" class=\"forminator-field-email forminator-col forminator-col-6 \"><div class=\"forminator-field\"><label for=\"forminator-field-email-1_69f5f5c022e5e\" id=\"forminator-field-email-1_69f5f5c022e5e-label\" class=\"forminator-label\">Adresse de messagerie <span class=\"forminator-required\">*<\/span><\/label><input type=\"email\" name=\"email-1\" value=\"\" placeholder=\"Par exemple\u00a0: jacques@martin.com\" id=\"forminator-field-email-1_69f5f5c022e5e\" class=\"forminator-input forminator-email--field\" data-required=\"true\" aria-required=\"true\" autocomplete=\"email\" \/><\/div><\/div><div id=\"phone-1\" class=\"forminator-field-phone forminator-col forminator-col-6 \"><div class=\"forminator-field\"><label for=\"forminator-field-phone-1_69f5f5c022e5e\" id=\"forminator-field-phone-1_69f5f5c022e5e-label\" class=\"forminator-label\">Num\u00e9ro de t\u00e9l\u00e9phone<\/label><input type=\"text\" name=\"phone-1\" value=\"\" placeholder=\"Par exemple\u00a0: +1 02 03 04 05\" id=\"forminator-field-phone-1_69f5f5c022e5e\" class=\"forminator-input forminator-field--phone\" data-required=\"\" aria-required=\"false\" autocomplete=\"off\" \/><\/div><\/div><\/div><div class=\"forminator-row\"><div id=\"textarea-1\" class=\"forminator-field-textarea forminator-col forminator-col-12 \"><div class=\"forminator-field\"><label for=\"forminator-field-textarea-1_69f5f5c022e5e\" id=\"forminator-field-textarea-1_69f5f5c022e5e-label\" class=\"forminator-label\">Message <span class=\"forminator-required\">*<\/span><\/label><textarea name=\"textarea-1\" placeholder=\"Saisissez votre message\u2026\" id=\"forminator-field-textarea-1_69f5f5c022e5e\" class=\"forminator-textarea\" rows=\"6\" style=\"--forminator-textarea-min-height:140px;\" ><\/textarea><span id=\"forminator-field-textarea-1_69f5f5c022e5e-description\" class=\"forminator-description\"><span data-limit=\"1000\" data-type=\"words\" data-editor=\"\">0 \/ 1000<\/span><\/span><\/div><\/div><\/div><input type=\"hidden\" name=\"referer_url\" value=\"\" \/><div class=\"forminator-row forminator-row-last\"><div class=\"forminator-col\"><div class=\"forminator-field\"><button class=\"forminator-button forminator-button-submit\">Valider et envoyer<\/button><\/div><\/div><\/div><input type=\"hidden\" id=\"forminator_nonce\" name=\"forminator_nonce\" value=\"d21bee380e\" \/><input type=\"hidden\" name=\"_wp_http_referer\" value=\"\/ar\/wp-json\/wp\/v2\/pages\/34994\" \/><input type=\"hidden\" name=\"form_id\" value=\"33885\"><input type=\"hidden\" name=\"page_id\" value=\"34994\"><input type=\"hidden\" name=\"form_type\" value=\"default\"><input type=\"hidden\" name=\"current_url\" value=\"https:\/\/eco-fenetre.com\/ar\/aitasil\/\"><input type=\"hidden\" name=\"render_id\" value=\"0\"><input type=\"hidden\" name=\"action\" value=\"forminator_submit_form_custom-forms\"><\/form><\/div>\n<\/div>\n<\/div>\n<\/div>\n","protected":false},"excerpt":{"rendered":"<p>\u0639\u0646\u0648\u0627\u0646 : \u0627\u0644\u0642\u0637\u0639\u0629 \u0631\u0642\u0645 \u0661\u0662\u0661\u060c \u0627\u0644\u0645\u062c\u0644\u062f \u0662 \u0648\u0663\u060c\u062a\u0642\u0633\u064a\u0645 \u0627\u0644\u0633\u0644\u0627\u0645\u060c\u0637\u0631\u064a\u0642 \u0635\u0641\u0631\u0648\u060c \u0663\u0660\u0660\u0660\u0660 \u0641\u0627\u0633\u0627\u0644\u0645\u063a\u0631\u0628 \u0631\u0642\u0645 \u0627\u0644\u0647\u0627\u062a\u0641 \u0648\u0627\u0644\u0648\u0627\u062a\u0633\u0627\u0628: +212 6 49 12 26 97 \u0639\u0646\u0648\u0627\u0646 : contact@eco-fenetre.com \u0647\u0644 \u0644\u062f\u064a\u0643 \u0645\u0634\u0631\u0648\u0639 \u0628\u0646\u0627\u0621\u061f \u0647\u0644 \u0644\u062f\u064a\u0643 \u0623\u064a \u0623\u0633\u0626\u0644\u0629\u061f \u0647\u0644 \u062a\u0631\u063a\u0628 \u0641\u064a \u0627\u0644\u062d\u0635\u0648\u0644 \u0639\u0644\u0649 \u0639\u0631\u0636 \u0633\u0639\u0631\u061f \u0623\u0631\u0633\u0644 \u0644\u0646\u0627 \u0628\u0631\u064a\u062f\u064b\u0627 \u0625\u0644\u0643\u062a\u0631\u0648\u0646\u064a\u064b\u0627 \u064a\u062a\u0636\u0645\u0646 \u0628\u064a\u0627\u0646\u0627\u062a \u0627\u0644\u0627\u062a\u0635\u0627\u0644 \u0627\u0644\u062e\u0627\u0635\u0629 \u0628\u0643\u060c \u0648\u0633\u064a\u0642\u0648\u0645 \u0623\u062d\u062f \u0645\u0645\u062b\u0644\u064a Eco Fen\u00eatre \u0628\u0627\u0644\u0631\u062f \u0639\u0644\u064a\u0643 [&hellip;]<\/p>\n","protected":false},"author":2,"featured_media":0,"parent":0,"menu_order":5,"comment_status":"closed","ping_status":"closed","template":"page-no-title","meta":{"_acf_changed":false,"_seopress_robots_primary_cat":"","_seopress_titles_title":"","_seopress_titles_desc":"","_seopress_robots_index":"","_uag_custom_page_level_css":"","footnotes":""},"class_list":["post-34994","page","type-page","status-publish","hentry"],"acf":[],"mb":[],"uagb_featured_image_src":{"full":false,"thumbnail":false,"medium":false,"medium_large":false,"large":false,"1536x1536":false,"2048x2048":false},"uagb_author_info":{"display_name":"EcoFenetre","author_link":"https:\/\/eco-fenetre.com\/ar\/"},"uagb_comment_info":0,"uagb_excerpt":"\u0639\u0646\u0648\u0627\u0646 : \u0627\u0644\u0642\u0637\u0639\u0629 \u0631\u0642\u0645 \u0661\u0662\u0661\u060c \u0627\u0644\u0645\u062c\u0644\u062f \u0662 \u0648\u0663\u060c\u062a\u0642\u0633\u064a\u0645 \u0627\u0644\u0633\u0644\u0627\u0645\u060c\u0637\u0631\u064a\u0642 \u0635\u0641\u0631\u0648\u060c \u0663\u0660\u0660\u0660\u0660 \u0641\u0627\u0633\u0627\u0644\u0645\u063a\u0631\u0628 \u0631\u0642\u0645 \u0627\u0644\u0647\u0627\u062a\u0641 \u0648\u0627\u0644\u0648\u0627\u062a\u0633\u0627\u0628: +212 6 49 12 26 97 \u0639\u0646\u0648\u0627\u0646 : contact@eco-fenetre.com \u0647\u0644 \u0644\u062f\u064a\u0643 \u0645\u0634\u0631\u0648\u0639 \u0628\u0646\u0627\u0621\u061f \u0647\u0644 \u0644\u062f\u064a\u0643 \u0623\u064a \u0623\u0633\u0626\u0644\u0629\u061f \u0647\u0644 \u062a\u0631\u063a\u0628 \u0641\u064a \u0627\u0644\u062d\u0635\u0648\u0644 \u0639\u0644\u0649 \u0639\u0631\u0636 \u0633\u0639\u0631\u061f \u0623\u0631\u0633\u0644 \u0644\u0646\u0627 \u0628\u0631\u064a\u062f\u064b\u0627 \u0625\u0644\u0643\u062a\u0631\u0648\u0646\u064a\u064b\u0627 \u064a\u062a\u0636\u0645\u0646 \u0628\u064a\u0627\u0646\u0627\u062a \u0627\u0644\u0627\u062a\u0635\u0627\u0644 \u0627\u0644\u062e\u0627\u0635\u0629 \u0628\u0643\u060c \u0648\u0633\u064a\u0642\u0648\u0645 \u0623\u062d\u062f \u0645\u0645\u062b\u0644\u064a Eco Fen\u00eatre \u0628\u0627\u0644\u0631\u062f \u0639\u0644\u064a\u0643&hellip;","mfb_rest_fields":["title","uagb_featured_image_src","uagb_author_info","uagb_comment_info","uagb_excerpt"],"_links":{"self":[{"href":"https:\/\/eco-fenetre.com\/ar\/wp-json\/wp\/v2\/pages\/34994","targetHints":{"allow":["GET"]}}],"collection":[{"href":"https:\/\/eco-fenetre.com\/ar\/wp-json\/wp\/v2\/pages"}],"about":[{"href":"https:\/\/eco-fenetre.com\/ar\/wp-json\/wp\/v2\/types\/page"}],"author":[{"embeddable":true,"href":"https:\/\/eco-fenetre.com\/ar\/wp-json\/wp\/v2\/users\/2"}],"replies":[{"embeddable":true,"href":"https:\/\/eco-fenetre.com\/ar\/wp-json\/wp\/v2\/comments?post=34994"}],"version-history":[{"count":0,"href":"https:\/\/eco-fenetre.com\/ar\/wp-json\/wp\/v2\/pages\/34994\/revisions"}],"wp:attachment":[{"href":"https:\/\/eco-fenetre.com\/ar\/wp-json\/wp\/v2\/media?parent=34994"}],"curies":[{"name":"wp","href":"https:\/\/api.w.org\/{rel}","templated":true}]}}